{"id":2667,"date":"2024-01-15T12:51:30","date_gmt":"2024-01-15T12:51:30","guid":{"rendered":"https:\/\/www.unternehmerinnentreff-oldenburg.de\/?page_id=2667"},"modified":"2024-01-17T11:13:37","modified_gmt":"2024-01-17T11:13:37","slug":"agb","status":"publish","type":"page","link":"https:\/\/www.unternehmerinnentreff-oldenburg.de\/index.php\/agb\/","title":{"rendered":"AGB"},"content":{"rendered":"\t\t<div data-elementor-type=\"wp-post\" data-elementor-id=\"2667\" class=\"elementor elementor-2667\">\n\t\t\t\t\t\t\t\t\t<section class=\"elementor-section elementor-top-section elementor-element elementor-element-8f2d0e5 elementor-section-content-middle elementor-section-boxed elementor-section-height-default elementor-section-height-default\" data-id=\"8f2d0e5\" data-element_type=\"section\" id=\"start\">\n\t\t\t\t\t\t<div class=\"elementor-container elementor-column-gap-no\">\n\t\t\t\t\t<div class=\"elementor-column elementor-col-100 elementor-top-column elementor-element elementor-element-f4a8032\" data-id=\"f4a8032\" data-element_type=\"column\">\n\t\t\t<div class=\"elementor-widget-wrap elementor-element-populated\">\n\t\t\t\t\t\t\t\t<div class=\"elementor-element elementor-element-e4b31ee elementor-widget elementor-widget-heading\" data-id=\"e4b31ee\" data-element_type=\"widget\" data-widget_type=\"heading.default\">\n\t\t\t\t<div class=\"elementor-widget-container\">\n\t\t\t<style>\/*! elementor - v3.18.0 - 08-12-2023 *\/\n.elementor-heading-title{padding:0;margin:0;line-height:1}.elementor-widget-heading .elementor-heading-title[class*=elementor-size-]>a{color:inherit;font-size:inherit;line-height:inherit}.elementor-widget-heading .elementor-heading-title.elementor-size-small{font-size:15px}.elementor-widget-heading .elementor-heading-title.elementor-size-medium{font-size:19px}.elementor-widget-heading .elementor-heading-title.elementor-size-large{font-size:29px}.elementor-widget-heading .elementor-heading-title.elementor-size-xl{font-size:39px}.elementor-widget-heading .elementor-heading-title.elementor-size-xxl{font-size:59px}<\/style><h1 class=\"elementor-heading-title elementor-size-default\">Allgemeine Gesch\u00e4ftsbedingungen<\/h1>\t\t<\/div>\n\t\t\t\t<\/div>\n\t\t\t\t<div class=\"elementor-element elementor-element-dc2333e elementor-widget elementor-widget-text-editor\" data-id=\"dc2333e\" data-element_type=\"widget\" data-widget_type=\"text-editor.default\">\n\t\t\t\t<div class=\"elementor-widget-container\">\n\t\t\t<style>\/*! elementor - v3.18.0 - 08-12-2023 *\/\n.elementor-widget-text-editor.elementor-drop-cap-view-stacked .elementor-drop-cap{background-color:#69727d;color:#fff}.elementor-widget-text-editor.elementor-drop-cap-view-framed .elementor-drop-cap{color:#69727d;border:3px solid;background-color:transparent}.elementor-widget-text-editor:not(.elementor-drop-cap-view-default) .elementor-drop-cap{margin-top:8px}.elementor-widget-text-editor:not(.elementor-drop-cap-view-default) .elementor-drop-cap-letter{width:1em;height:1em}.elementor-widget-text-editor .elementor-drop-cap{float:left;text-align:center;line-height:1;font-size:50px}.elementor-widget-text-editor .elementor-drop-cap-letter{display:inline-block}<\/style>\t\t\t\t<p>Der Unternehmer:innentreff Oldenburg (im Folgenden UTO genannt) der Heine &amp; Hollmann GbR (im Folgenden H&amp;H genannt) ist ein Treffpunkt f\u00fcr Unternehmer:innen und Gesch\u00e4ftsf\u00fchrer:innen aus Oldenburg und der nahen Umgebung. Gegenstand der Leistung ist die Organisation und Durchf\u00fchrung der Unternehmertreffen. Dementsprechend wird bei einer Mitgliedschaft kein Erfolg geschuldet. Die Mitgliedschaft richtet sich nach diesen Allgemeinen Gesch\u00e4ftsbedingungen (AGB). Das jeweilige Mitglied akzeptiert mit seiner Bewerbung ausdr\u00fccklich die nachfolgenden Bestimmungen und erkennt sie f\u00fcr sich als verbindlich an.<\/p>\n<ol>\n<li>Termine<br>Termine f\u00fcr regul\u00e4re Treffen werden auf der Homepage und bei den Treffen angegeben. Der Abstand der Termine betr\u00e4gt in der Regel drei Wochen.<\/li>\n<li>Mitgliedschaft<br>H&amp;H bezeichnet die Unternehmer:innen, die sich angemeldet haben und die Aufnahme sowie Jahresgeb\u00fchr bezahlt haben, als Mitglieder.<\/li>\n<li>Vertragsart<br>Beim hier vorliegenden Vertrag handelt es sich um einen Dienstvertrag.<\/li>\n<li>Pr\u00fcfung der Bewerbung<br>Die Gesch\u00e4ftsf\u00fchrer der H&amp;H pr\u00fcfen die Bewerbung unter Ber\u00fccksichtigung der Richtlinien.<\/li>\n<li>Aufnahme des Bewerbers<br>Hat H&amp;H den Zahlungseingang best\u00e4tigt und der Aufnahme zugestimmt, kommt der Vertrag zwischen dem Bewerber und H&amp;H zustande.<\/li>\n<li>Ablehnung der Bewerbung<br>Wird die Bewerbung abgelehnt, bietet H&amp;H ggf. einen Platz bei einem weiteren UTO oder einen Platz auf der Warteliste an. Dem\/Der Unternehmer:in steht es f\u00fcr diesen Fall frei, zu erkl\u00e4ren, ob und wie lange er an seiner Bewerbung festhalten will.<\/li>\n<li>Zahlung<br>Bei Antragstellung sind eine einmalige Aufnahmegeb\u00fchr und eine Jahresgeb\u00fchr f\u00fcr die Teilnahme am UTO im Voraus zu zahlen. Der Betrag f\u00fcr die Teilnahme kann nur durch Bank\u00fcberweisung beglichen werden, eine Barzahlung ist nicht m\u00f6glich. Die Aufnahmegeb\u00fchr und eine Jahresgeb\u00fchr f\u00fcr Neuvertr\u00e4ge sind mit dem Zugang der Rechnung f\u00e4llig. Die Bewirtungskosten sind in der Leistung von H&amp;H nicht enthalten.<\/li>\n<li>Vertragsdauer<br>Der Vertrag ist auf ein Kalenderjahr abgeschlossen und verl\u00e4ngert sich automatisch um ein weiteres Kalenderjahr.<\/li>\n<li>Zahlungsfrist<br>Ist die Zahlung der Beitr\u00e4ge vier Wochen nach dem ersten UTO nach Ablauf der bisherigen Mitgliedschaft \/ des Gaststatus immer noch nicht eingegangen, erfolgt automatisch ein Ausschluss des Mitglieds vom UTO.<\/li>\n<li>Verpflichtungen<br>Die Verpflichtungen von H&amp;H ist die Organisation und Durchf\u00fchrung der Unternehmer:innentreffen. Die Verpflichtungen des Mitglieds sind die Zahlung der Aufnahmegeb\u00fchr und der Jahresgeb\u00fchr, regelm\u00e4\u00dfige Anwesenheit, eine aktive Mitarbeit, Einhaltung der \u201eUTO-Regeln\u201c und \u00dcbernahme der eigenen Bewirtungskosten.<\/li>\n<li>Branchen\u00fcberschneidung<br>Wenn die Berufssparte eines Gastes in Konflikt mit der Berufssparte eines Mitglieds steht, ist es Sache des Mitglieds, H&amp;H hierauf hinzuweisen, bevor der Gast als Mitglied aufgenommen wird.<\/li>\n<li>K\u00fcndigung der Mitgliedschaft<br>Eine ordentliche K\u00fcndigung ist vor Ablauf der Festvertragslaufzeit ausgeschlossen. Das Recht der au\u00dferordentlichen K\u00fcndigung bleibt unber\u00fchrt. Eine au\u00dferordentliche K\u00fcndigung muss schriftlich erfolgen. Voraussetzung f\u00fcr eine au\u00dferordentliche K\u00fcndigung durch eine k\u00fcndigungsberechtigte Person ist eine vorangegangene Abmahnung.<\/li>\n<li>Beitragserstattung<br>H&amp;H erstattet grunds\u00e4tzlich keine Beitr\u00e4ge zur\u00fcck, auch dann nicht, wenn die mit der Mitgliedschaft verbundenen Erwartungen nicht erf\u00fcllt, die Treffen nicht oder nicht mit der vorgesehenen H\u00e4ufigkeit oder Teilnehmerzahl abgehalten werden oder das Mitglied nicht teilnehmen konnte oder der Vertrag von H&amp;H oder anderen K\u00fcndigungsberechtigten gek\u00fcndigt wurde.<\/li>\n<li>Anwesenheit<br>F\u00fcr eine erfolgreiche Mitgliedschaft ist die Anwesenheit entscheidend. Sollte ein Mitglied ein sechstes Mal w\u00e4hrend eines Zeitraums von sechs Monaten fehlen, gibt es damit H&amp;H das Recht, \u00fcber die \u00d6ffnung dessen Berufskategorie bzw. den Ausschluss aus UTO zu entscheiden.<\/li>\n<li>Beschwerden<br>Werden Beschwerden \u00fcber ein Mitglied aus UTO vorgebracht, \u00fcberpr\u00fcft die Gesch\u00e4ftsf\u00fchrung von H&amp;H diese im Rahmen seiner M\u00f6glichkeiten und trifft geeignete Ma\u00dfnahmen. Die Beschwerden m\u00fcssen schriftlich vorgetragen werden.<\/li>\n<li>Weitere Standorte<br>H&amp;H kann in jeder Stadt oder Gemeinde ein oder mehrere weitere Unternehmer:innentreffen errichten.<\/li>\n<li>Datenschutz<br>Die antragstellende Person willigt ein, dass die im Antrag enthaltenen oder im Verlaufe der Zugeh\u00f6rigkeit zu UTO bekannt gegebenen Daten durch UTO nur f\u00fcr interne Zwecke verarbeitet, nach den einschl\u00e4gigen datenschutzrechtlichen Bestimmungen genutzt und bereitgehalten werden. Es gelten die <a href=\"http:\/\/www.unternehmertreff-oldenburg.de\/datenschutz\">Datenschutzbestimmungen von UTO<\/a>. Die Daten k\u00f6nnen UTO-Mitgliedern zug\u00e4nglich gemacht werden. H&amp;H gew\u00e4hrleistet, dass ohne ausdr\u00fcckliche Zustimmung des Mitglieds keine Daten an Dritte weitergegeben werden. Das Mitglied willigt indessen ausdr\u00fccklich ein, dass seine Daten zum Zwecke der Erf\u00fcllung der vertragsgegenst\u00e4ndlichen Leistung in die Datenbank der Internetplattform www.unternehmerinnentreff-oldenburg.de\/ (oder nachfolgende Internettplattformen, welche den Dienst der zuvor genannten erweitern oder \u00fcbernehmen) eingepflegt werden.<\/li>\n<li>Werbung<br>Mitgliedern ist es nicht gestattet, Daten aus den Treffen oder von der Internetplattform ohne ausdr\u00fcckliche Erlaubnis der betreffenden Mitglieder zu Werbezwecken zu nutzen (z. B. f\u00fcr Werbeversand, Newsletter per E-Mail usw.) oder Mitgliederverzeichnisse in gedruckter oder elektronischer Form an G\u00e4ste oder Dritte weiterzugeben.<\/li>\n<li>Haftung<br>H&amp;H haftet nicht f\u00fcr UTO-Mitglieder. Sie sind weder Erf\u00fcllungs- noch Verrichtungsgehilfen von UTO. Die Haftung von H&amp;H ist auf Vorsatz und grobe Fahrl\u00e4ssigkeit beschr\u00e4nkt.<\/li>\n<li>Aktualisierung AGB<br>H&amp;H beh\u00e4lt sich das Recht vor, die AGB jederzeit anzupassen. Die jeweils aktuellste Version der AGB ist unter <a href=\"http:\/\/www.unternehmertreff-oldenburg.de\/agb\">www.unternehmerinnentreff-oldenburg.de\/agb<\/a> einsehbar.<\/li>\n<li>Salvatorische Klausel<br>Sofern eine Bestimmung dieser AGB unwirksam ist oder wird, bleiben die \u00fcbrigen Bestimmungen davon unber\u00fchrt. Die Vertragsparteien verpflichten sich die unwirksamen Regelungen durch Regelungen, die dem Sinn und Zweck und der wirtschaftlichen Zielrichtung der unwirksamen Regelung m\u00f6glichst nahe kommen, zu ersetzen.<\/li>\n<\/ol>\t\t\t\t\t\t<\/div>\n\t\t\t\t<\/div>\n\t\t\t\t\t<\/div>\n\t\t<\/div>\n\t\t\t\t\t\t\t<\/div>\n\t\t<\/section>\n\t\t\t\t<section class=\"elementor-section elementor-top-section elementor-element elementor-element-78c9733a elementor-section-content-middle elementor-section-stretched elementor-section-boxed elementor-section-height-default elementor-section-height-default\" data-id=\"78c9733a\" data-element_type=\"section\" data-settings=\"{&quot;background_background&quot;:&quot;classic&quot;,&quot;stretch_section&quot;:&quot;section-stretched&quot;}\">\n\t\t\t\t\t\t<div class=\"elementor-container elementor-column-gap-no\">\n\t\t\t\t\t<div class=\"elementor-column elementor-col-33 elementor-top-column elementor-element elementor-element-40b8b6e7\" data-id=\"40b8b6e7\" data-element_type=\"column\">\n\t\t\t<div class=\"elementor-widget-wrap elementor-element-populated\">\n\t\t\t\t\t\t\t\t<div class=\"elementor-element elementor-element-429c48e0 elementor-widget elementor-widget-text-editor\" data-id=\"429c48e0\" data-element_type=\"widget\" data-widget_type=\"text-editor.default\">\n\t\t\t\t<div class=\"elementor-widget-container\">\n\t\t\t\t\t\t\tUnternehmer:innentreff Oldenburg 2024\t\t\t\t\t\t<\/div>\n\t\t\t\t<\/div>\n\t\t\t\t\t<\/div>\n\t\t<\/div>\n\t\t\t\t<div class=\"elementor-column elementor-col-33 elementor-top-column elementor-element elementor-element-407bc643\" data-id=\"407bc643\" data-element_type=\"column\">\n\t\t\t<div class=\"elementor-widget-wrap elementor-element-populated\">\n\t\t\t\t\t\t\t\t<div class=\"elementor-element elementor-element-ca43e4a elementor-widget elementor-widget-text-editor\" data-id=\"ca43e4a\" data-element_type=\"widget\" data-widget_type=\"text-editor.default\">\n\t\t\t\t<div class=\"elementor-widget-container\">\n\t\t\t\t\t\t\t<a href=\"https:\/\/www.unternehmerinnentreff-oldenburg.de\/index-php\/impressum\">Impressum<\/a> &#8211; <a href=\"https:\/\/www.unternehmerinnentreff-oldenburg.de\/index-php\/datenschutz\">Datenschutz<\/a> &#8211;<a href=\"https:\/\/www.unternehmerinnentreff-oldenburg.de\/index-php\/agb\">AGB<\/a>\t\t\t\t\t\t<\/div>\n\t\t\t\t<\/div>\n\t\t\t\t\t<\/div>\n\t\t<\/div>\n\t\t\t\t<div class=\"elementor-column elementor-col-33 elementor-top-column elementor-element elementor-element-132ce6c3\" data-id=\"132ce6c3\" data-element_type=\"column\">\n\t\t\t<div class=\"elementor-widget-wrap elementor-element-populated\">\n\t\t\t\t\t\t\t\t<div class=\"elementor-element elementor-element-4617e4b3 elementor-icon-list--layout-inline elementor-align-right elementor-list-item-link-full_width elementor-widget elementor-widget-icon-list\" data-id=\"4617e4b3\" data-element_type=\"widget\" data-widget_type=\"icon-list.default\">\n\t\t\t\t<div class=\"elementor-widget-container\">\n\t\t\t<link rel=\"stylesheet\" href=\"https:\/\/www.unternehmerinnentreff-oldenburg.de\/wp-content\/plugins\/elementor\/assets\/css\/widget-icon-list.min.css\">\t\t<ul class=\"elementor-icon-list-items elementor-inline-items\">\n\t\t\t\t\t\t\t<li class=\"elementor-icon-list-item elementor-inline-item\">\n\t\t\t\t\t\t\t\t\t\t\t<a href=\"https:\/\/www.facebook.com\/unternehmertreffoldenburg\/?locale=de_DE\">\n\n\t\t\t\t\t\t\t\t\t\t\t\t<span class=\"elementor-icon-list-icon\">\n\t\t\t\t\t\t\t<svg aria-hidden=\"true\" class=\"e-font-icon-svg e-fab-facebook\" viewBox=\"0 0 512 512\" xmlns=\"http:\/\/www.w3.org\/2000\/svg\"><path d=\"M504 256C504 119 393 8 256 8S8 119 8 256c0 123.78 90.69 226.38 209.25 245V327.69h-63V256h63v-54.64c0-62.15 37-96.48 93.67-96.48 27.14 0 55.52 4.84 55.52 4.84v61h-31.28c-30.8 0-40.41 19.12-40.41 38.73V256h68.78l-11 71.69h-57.78V501C413.31 482.38 504 379.78 504 256z\"><\/path><\/svg>\t\t\t\t\t\t<\/span>\n\t\t\t\t\t\t\t\t\t\t<span class=\"elementor-icon-list-text\"><\/span>\n\t\t\t\t\t\t\t\t\t\t\t<\/a>\n\t\t\t\t\t\t\t\t\t<\/li>\n\t\t\t\t\t\t\t\t<li class=\"elementor-icon-list-item elementor-inline-item\">\n\t\t\t\t\t\t\t\t\t\t\t<a href=\"https:\/\/www.instagram.com\/unternehmertreff_oldenburg\/?igsh=MXF4cjFjdmU4bmcyag%3D%3D\">\n\n\t\t\t\t\t\t\t\t\t\t\t\t<span class=\"elementor-icon-list-icon\">\n\t\t\t\t\t\t\t<svg aria-hidden=\"true\" class=\"e-font-icon-svg e-fab-instagram\" viewBox=\"0 0 448 512\" xmlns=\"http:\/\/www.w3.org\/2000\/svg\"><path d=\"M224.1 141c-63.6 0-114.9 51.3-114.9 114.9s51.3 114.9 114.9 114.9S339 319.5 339 255.9 287.7 141 224.1 141zm0 189.6c-41.1 0-74.7-33.5-74.7-74.7s33.5-74.7 74.7-74.7 74.7 33.5 74.7 74.7-33.6 74.7-74.7 74.7zm146.4-194.3c0 14.9-12 26.8-26.8 26.8-14.9 0-26.8-12-26.8-26.8s12-26.8 26.8-26.8 26.8 12 26.8 26.8zm76.1 27.2c-1.7-35.9-9.9-67.7-36.2-93.9-26.2-26.2-58-34.4-93.9-36.2-37-2.1-147.9-2.1-184.9 0-35.8 1.7-67.6 9.9-93.9 36.1s-34.4 58-36.2 93.9c-2.1 37-2.1 147.9 0 184.9 1.7 35.9 9.9 67.7 36.2 93.9s58 34.4 93.9 36.2c37 2.1 147.9 2.1 184.9 0 35.9-1.7 67.7-9.9 93.9-36.2 26.2-26.2 34.4-58 36.2-93.9 2.1-37 2.1-147.8 0-184.8zM398.8 388c-7.8 19.6-22.9 34.7-42.6 42.6-29.5 11.7-99.5 9-132.1 9s-102.7 2.6-132.1-9c-19.6-7.8-34.7-22.9-42.6-42.6-11.7-29.5-9-99.5-9-132.1s-2.6-102.7 9-132.1c7.8-19.6 22.9-34.7 42.6-42.6 29.5-11.7 99.5-9 132.1-9s102.7-2.6 132.1 9c19.6 7.8 34.7 22.9 42.6 42.6 11.7 29.5 9 99.5 9 132.1s2.7 102.7-9 132.1z\"><\/path><\/svg>\t\t\t\t\t\t<\/span>\n\t\t\t\t\t\t\t\t\t\t<span class=\"elementor-icon-list-text\"><\/span>\n\t\t\t\t\t\t\t\t\t\t\t<\/a>\n\t\t\t\t\t\t\t\t\t<\/li>\n\t\t\t\t\t\t\t\t<li class=\"elementor-icon-list-item elementor-inline-item\">\n\t\t\t\t\t\t\t\t\t\t\t<a href=\"https:\/\/de.linkedin.com\/company\/unternehmertreff-oldenburg-uto-\">\n\n\t\t\t\t\t\t\t\t\t\t\t\t<span class=\"elementor-icon-list-icon\">\n\t\t\t\t\t\t\t<svg aria-hidden=\"true\" class=\"e-font-icon-svg e-fab-linkedin-in\" viewBox=\"0 0 448 512\" xmlns=\"http:\/\/www.w3.org\/2000\/svg\"><path d=\"M100.28 448H7.4V148.9h92.88zM53.79 108.1C24.09 108.1 0 83.5 0 53.8a53.79 53.79 0 0 1 107.58 0c0 29.7-24.1 54.3-53.79 54.3zM447.9 448h-92.68V302.4c0-34.7-.7-79.2-48.29-79.2-48.29 0-55.69 37.7-55.69 76.7V448h-92.78V148.9h89.08v40.8h1.3c12.4-23.5 42.69-48.3 87.88-48.3 94 0 111.28 61.9 111.28 142.3V448z\"><\/path><\/svg>\t\t\t\t\t\t<\/span>\n\t\t\t\t\t\t\t\t\t\t<span class=\"elementor-icon-list-text\"><\/span>\n\t\t\t\t\t\t\t\t\t\t\t<\/a>\n\t\t\t\t\t\t\t\t\t<\/li>\n\t\t\t\t\t\t\t\t<li class=\"elementor-icon-list-item elementor-inline-item\">\n\t\t\t\t\t\t\t\t\t\t\t<a href=\"#start\">\n\n\t\t\t\t\t\t\t\t\t\t\t\t<span class=\"elementor-icon-list-icon\">\n\t\t\t\t\t\t\t<svg aria-hidden=\"true\" class=\"e-font-icon-svg e-fas-arrow-up\" viewBox=\"0 0 448 512\" xmlns=\"http:\/\/www.w3.org\/2000\/svg\"><path d=\"M34.9 289.5l-22.2-22.2c-9.4-9.4-9.4-24.6 0-33.9L207 39c9.4-9.4 24.6-9.4 33.9 0l194.3 194.3c9.4 9.4 9.4 24.6 0 33.9L413 289.4c-9.5 9.5-25 9.3-34.3-.4L264 168.6V456c0 13.3-10.7 24-24 24h-32c-13.3 0-24-10.7-24-24V168.6L69.2 289.1c-9.3 9.8-24.8 10-34.3.4z\"><\/path><\/svg>\t\t\t\t\t\t<\/span>\n\t\t\t\t\t\t\t\t\t\t<span class=\"elementor-icon-list-text\"><\/span>\n\t\t\t\t\t\t\t\t\t\t\t<\/a>\n\t\t\t\t\t\t\t\t\t<\/li>\n\t\t\t\t\t\t<\/ul>\n\t\t\t\t<\/div>\n\t\t\t\t<\/div>\n\t\t\t\t\t<\/div>\n\t\t<\/div>\n\t\t\t\t\t\t\t<\/div>\n\t\t<\/section>\n\t\t\t\t\t\t\t<\/div>\n\t\t","protected":false},"excerpt":{"rendered":"<p>Allgemeine Gesch\u00e4ftsbedingungen Der Unternehmer:innentreff Oldenburg (im Folgenden UTO genannt) der Heine &amp; Hollmann GbR (im Folgenden H&amp;H genannt) ist ein Treffpunkt f\u00fcr Unternehmer:innen und Gesch\u00e4ftsf\u00fchrer:innen aus Oldenburg und der nahen Umgebung. Gegenstand der Leistung ist die Organisation und Durchf\u00fchrung der Unternehmertreffen. Dementsprechend wird bei einer Mitgliedschaft kein Erfolg geschuldet. Die Mitgliedschaft richtet sich nach diesen&#8230;<\/p>\n","protected":false},"author":2,"featured_media":0,"parent":0,"menu_order":0,"comment_status":"closed","ping_status":"closed","template":"","meta":{"footnotes":""},"class_list":["post-2667","page","type-page","status-publish","hentry"],"_links":{"self":[{"href":"https:\/\/www.unternehmerinnentreff-oldenburg.de\/index.php\/wp-json\/wp\/v2\/pages\/2667","targetHints":{"allow":["GET"]}}],"collection":[{"href":"https:\/\/www.unternehmerinnentreff-oldenburg.de\/index.php\/wp-json\/wp\/v2\/pages"}],"about":[{"href":"https:\/\/www.unternehmerinnentreff-oldenburg.de\/index.php\/wp-json\/wp\/v2\/types\/page"}],"author":[{"embeddable":true,"href":"https:\/\/www.unternehmerinnentreff-oldenburg.de\/index.php\/wp-json\/wp\/v2\/users\/2"}],"replies":[{"embeddable":true,"href":"https:\/\/www.unternehmerinnentreff-oldenburg.de\/index.php\/wp-json\/wp\/v2\/comments?post=2667"}],"version-history":[{"count":10,"href":"https:\/\/www.unternehmerinnentreff-oldenburg.de\/index.php\/wp-json\/wp\/v2\/pages\/2667\/revisions"}],"predecessor-version":[{"id":2723,"href":"https:\/\/www.unternehmerinnentreff-oldenburg.de\/index.php\/wp-json\/wp\/v2\/pages\/2667\/revisions\/2723"}],"wp:attachment":[{"href":"https:\/\/www.unternehmerinnentreff-oldenburg.de\/index.php\/wp-json\/wp\/v2\/media?parent=2667"}],"curies":[{"name":"wp","href":"https:\/\/api.w.org\/{rel}","templated":true}]}}